{"id":80,"date":"2018-05-16T08:30:07","date_gmt":"2018-05-16T08:30:07","guid":{"rendered":"https:\/\/atakconta.com\/?page_id=80"},"modified":"2018-05-16T13:28:18","modified_gmt":"2018-05-16T13:28:18","slug":"urunler","status":"publish","type":"page","link":"https:\/\/atakconta.com\/?page_id=80","title":{"rendered":"\u00dcr\u00fcnler"},"content":{"rendered":"<p><img loading=\"lazy\" decoding=\"async\" class=\"wp-image-227 aligncenter\" src=\"https:\/\/atakconta.com\/wp-content\/uploads\/2018\/05\/KORUGE-4-1-300x255.jpg\" alt=\"\" width=\"397\" height=\"338\" srcset=\"https:\/\/atakconta.com\/wp-content\/uploads\/2018\/05\/KORUGE-4-1-300x255.jpg 300w, https:\/\/atakconta.com\/wp-content\/uploads\/2018\/05\/KORUGE-4-1.jpg 590w\" sizes=\"auto, (max-width: 397px) 100vw, 397px\" \/><\/p>\n<p><strong>HER \u00c7E\u015e\u0130T BORU DA KULLANILAN KAU\u00c7UK CONTA \u0130MALATI G\u00dcN GE\u00c7T\u0130KTE DAHADA B\u00dcY\u00dcYOR , DAHA DA \u00c7E\u015e\u0130TLEN\u0130YOR . KAL\u0130TEL\u0130 \u00dcR\u00dcN VE H\u0130ZMETLER\u0130M\u0130ZDEN \u00d6D\u00dcN VERMEDEN \u00c7E\u015e\u0130TL\u0130L\u0130\u011e\u0130M\u0130Z\u0130 ARTIRIP MODERN \u00c7A\u011eA AYAK UYDURARAK \u00dcRET\u0130M\u0130M\u0130ZE SON HIZIYLA DEVAM ED\u0130YORUZ.<\/strong><\/p>\n","protected":false},"excerpt":{"rendered":"<p>HER \u00c7E\u015e\u0130T BORU DA KULLANILAN KAU\u00c7UK CONTA \u0130MALATI G\u00dcN GE\u00c7T\u0130KTE DAHADA B\u00dcY\u00dcYOR , DAHA DA \u00c7E\u015e\u0130TLEN\u0130YOR . KAL\u0130TEL\u0130 \u00dcR\u00dcN VE H\u0130ZMETLER\u0130M\u0130ZDEN \u00d6D\u00dcN VERMEDEN \u00c7E\u015e\u0130TL\u0130L\u0130\u011e\u0130M\u0130Z\u0130 ARTIRIP MODERN \u00c7A\u011eA AYAK UYDURARAK \u00dcRET\u0130M\u0130M\u0130ZE SON HIZIYLA DEVAM ED\u0130YORUZ.<\/p>\n","protected":false},"author":1,"featured_media":0,"parent":0,"menu_order":0,"comment_status":"closed","ping_status":"closed","template":"","meta":{"footnotes":""},"class_list":["post-80","page","type-page","status-publish","hentry"],"_links":{"self":[{"href":"https:\/\/atakconta.com\/index.php?rest_route=\/wp\/v2\/pages\/80","targetHints":{"allow":["GET"]}}],"collection":[{"href":"https:\/\/atakconta.com\/index.php?rest_route=\/wp\/v2\/pages"}],"about":[{"href":"https:\/\/atakconta.com\/index.php?rest_route=\/wp\/v2\/types\/page"}],"author":[{"embeddable":true,"href":"https:\/\/atakconta.com\/index.php?rest_route=\/wp\/v2\/users\/1"}],"replies":[{"embeddable":true,"href":"https:\/\/atakconta.com\/index.php?rest_route=%2Fwp%2Fv2%2Fcomments&post=80"}],"version-history":[{"count":4,"href":"https:\/\/atakconta.com\/index.php?rest_route=\/wp\/v2\/pages\/80\/revisions"}],"predecessor-version":[{"id":228,"href":"https:\/\/atakconta.com\/index.php?rest_route=\/wp\/v2\/pages\/80\/revisions\/228"}],"wp:attachment":[{"href":"https:\/\/atakconta.com\/index.php?rest_route=%2Fwp%2Fv2%2Fmedia&parent=80"}],"curies":[{"name":"wp","href":"https:\/\/api.w.org\/{rel}","templated":true}]}}